{"id":1073,"date":"2024-11-07T17:11:34","date_gmt":"2024-11-07T17:11:34","guid":{"rendered":"https:\/\/krakteau.com\/?page_id=1073"},"modified":"2024-11-07T17:13:59","modified_gmt":"2024-11-07T17:13:59","slug":"terms-and-conditions","status":"publish","type":"page","link":"https:\/\/krakteau.com\/fr\/terms-and-conditions\/","title":{"rendered":"Conditions G\u00e9n\u00e9rales D'Utilisation"},"content":{"rendered":"<div data-elementor-type=\"wp-page\" data-elementor-id=\"1073\" class=\"elementor elementor-1073\">\n\t\t\t\t<div class=\"elementor-element elementor-element-7310ed9b e-flex e-con-boxed e-con e-parent\" data-id=\"7310ed9b\" data-element_type=\"container\" data-e-type=\"container\" data-settings=\"{&quot;jet_parallax_layout_list&quot;:[]}\">\n\t\t\t\t\t<div class=\"e-con-inner\">\n\t\t\t\t<div class=\"elementor-element elementor-element-579447be elementor-widget elementor-widget-text-editor\" data-id=\"579447be\" data-element_type=\"widget\" data-e-type=\"widget\" data-widget_type=\"text-editor.default\">\n\t\t\t\t<div class=\"elementor-widget-container\">\n\t\t\t\t\t\t\t\t\t<p>Bienvenue sur Krakteau (le \u00ab Site \u00bb), exploit\u00e9 par Krakteau. En acc\u00e9dant \u00e0 ce Site ou en l'utilisant, vous acceptez d'\u00eatre li\u00e9 par les conditions g\u00e9n\u00e9rales suivantes. Veuillez les lire attentivement.<\/p>\n\n<hr>\n\n<h4>1. Informations G\u00e9n\u00e9rales<\/h4>\n<p>Ce site est exploit\u00e9 par Krakteau. Sur l'ensemble du site, les termes \u00ab nous \u00bb, \u00ab nos \u00bb et \u00ab notre \u00bb font r\u00e9f\u00e9rence \u00e0 Krakteau. En visitant notre site et\/ou en achetant quelque chose chez nous, vous vous engagez dans notre \u00ab Service \u00bb et acceptez d'\u00eatre li\u00e9 par les termes et conditions suivants (\u00ab Conditions \u00bb).<\/p>\n\n<h4>2. Droits de Propri\u00e9t\u00e9 Intellectuelle<\/h4>\n<p>Tout le contenu de ce site, y compris les images, le texte, les graphiques et les logos, appartient \u00e0 Krakteau ou \u00e0 ses conc\u00e9dants de licence et est prot\u00e9g\u00e9 par le droit d'auteur, les marques d\u00e9pos\u00e9es et d'autres lois sur la propri\u00e9t\u00e9 intellectuelle. Vous ne pouvez pas reproduire, distribuer ou cr\u00e9er des \u0153uvres d\u00e9riv\u00e9es de ce contenu sans notre autorisation \u00e9crite pr\u00e9alable.<\/p>\n\n<h4>3. Utilisation du Site<\/h4>\n<p>Vous acceptez d'utiliser le Site uniquement \u00e0 des fins l\u00e9gales et d'une mani\u00e8re qui ne porte pas atteinte aux droits d'autrui, ne restreint ni n'entrave l'utilisation et la jouissance du Site par quiconque. Les comportements interdits incluent la transmission de contenu offensant ou obsc\u00e8ne et la perturbation du flux normal de dialogue au sein du Site.<\/p>\n\n<h4>4. Politique de Remboursement et de Retour<\/h4>\n<p>Veuillez consulter notre politique de remboursement et de retour\u00a0:<\/p>\n<ul>\n    <li><strong>Politique g\u00e9n\u00e9rale de remboursement :<\/strong> Notre politique de remboursement est en vigueur pendant 30 jours \u00e0 compter de la date d'achat. Si 30 jours se sont \u00e9coul\u00e9s, nous ne pouvons pas offrir de remboursement complet. Pour plus de d\u00e9tails sur les remboursements li\u00e9s aux \u0153uvres d'art originales, veuillez consulter ci-dessous.<\/li>\n    <li><strong>Politique de retour \u2013 \u0152uvre originale :<\/strong> Les \u0153uvres originales peuvent \u00eatre retourn\u00e9es pour un remboursement complet si elles sont retourn\u00e9es dans leur \u00e9tat d'origine dans les 7 jours suivant leur r\u00e9ception. L'acheteur est responsable des frais de retour et de l'assurance. Veuillez nous contacter \u00e0 <a href=\"mailto:arinamerlin20@gmail.com\">arinamerlin20@gmail.com<\/a> pour l'adresse de retour.<\/li>\n<\/ul>\n\n<h4>5. Traitement et Exp\u00e9dition des Commandes<\/h4>\n<p>Nous nous effor\u00e7ons de traiter et d'exp\u00e9dier les commandes rapidement. Les d\u00e9lais d'exp\u00e9dition peuvent varier en fonction de votre emplacement et de la nature de l'\u0153uvre. Tous les frais d'exp\u00e9dition et d'assurance sont \u00e0 la charge de l'acheteur.<\/p>\n\n<h4>6. Articles Endommag\u00e9s pendant le Transport<\/h4>\n<p>Si votre \u0153uvre arrive endommag\u00e9e, veuillez suivre ces \u00e9tapes\u00a0:<\/p>\n<ol>\n    <li>Photographiez l\u2019emballage et l\u2019illustration endommag\u00e9s.<\/li>\n    <li>Contactez-nous au <a href=\"mailto:arinamerlin20@gmail.com\">arinamerlin20@gmail.com<\/a> pour signaler imm\u00e9diatement le probl\u00e8me et commencer le processus de r\u00e9clamation pour dommages.<\/li>\n<\/ol>\n\n<h4>7. Clause de Non-Responsabilit\u00e9<\/h4>\n<p>Les informations contenues sur ce site sont fournies \u00e0 titre d'information g\u00e9n\u00e9rale uniquement. Krakteau ne donne aucune garantie, expresse ou implicite, quant \u00e0 l'exactitude, l'exhaustivit\u00e9 ou la fiabilit\u00e9 de ces informations.<\/p>\n\n<h4>8. Limitation de Responsabilit\u00e9<\/h4>\n<p>Dans toute la mesure permise par la loi, nous ne serons pas responsables de tout dommage direct, indirect, accessoire ou cons\u00e9cutif d\u00e9coulant de votre utilisation de notre site, y compris, mais sans s'y limiter, l'achat et le retour d'\u0153uvres d'art.<\/p>\n\n<h4>9. Modifications des Pr\u00e9sentes Conditions<\/h4>\n<p>Nous nous r\u00e9servons le droit de mettre \u00e0 jour, de modifier ou de remplacer toute partie des pr\u00e9sentes Conditions \u00e0 tout moment. Il est de votre responsabilit\u00e9 de consulter r\u00e9guli\u00e8rement cette page pour prendre connaissance des modifications. L'utilisation continue du Site apr\u00e8s toute modification constitue une acceptation de ces modifications.<\/p>\n\n<h4>10. Contact<\/h4>\n<p>Pour toute question concernant ces Conditions, veuillez nous contacter \u00e0 <a href=\"mailto:arinamerlin20@gmail.com\">arinamerlin20@gmail.com<\/a>.<\/p>\n\t\t\t\t\t\t\t\t<\/div>\n\t\t\t\t<\/div>\n\t\t\t\t\t<\/div>\n\t\t\t\t<\/div>\n\t\t\t\t<\/div>","protected":false},"excerpt":{"rendered":"<p>Welcome to Krakteau (the &#8220;Site&#8221;), operated by Krakteau. By accessing or using this Site, you agree to be bound by the following terms and conditions. Please read them carefully. 1. General Information This Site is operated by Krakteau. Throughout the Site, the terms &#8220;we&#8221;, &#8220;us&#8221;, and &#8220;our&#8221; refer to Krakteau. By visiting our Site and\/or [&hellip;]<\/p>\n","protected":false},"author":2,"featured_media":0,"parent":0,"menu_order":0,"comment_status":"closed","ping_status":"closed","template":"","meta":{"_acf_changed":false,"footnotes":""},"class_list":["post-1073","page","type-page","status-publish","hentry"],"acf":[],"_links":{"self":[{"href":"https:\/\/krakteau.com\/fr\/wp-json\/wp\/v2\/pages\/1073","targetHints":{"allow":["GET"]}}],"collection":[{"href":"https:\/\/krakteau.com\/fr\/wp-json\/wp\/v2\/pages"}],"about":[{"href":"https:\/\/krakteau.com\/fr\/wp-json\/wp\/v2\/types\/page"}],"author":[{"embeddable":true,"href":"https:\/\/krakteau.com\/fr\/wp-json\/wp\/v2\/users\/2"}],"replies":[{"embeddable":true,"href":"https:\/\/krakteau.com\/fr\/wp-json\/wp\/v2\/comments?post=1073"}],"version-history":[{"count":4,"href":"https:\/\/krakteau.com\/fr\/wp-json\/wp\/v2\/pages\/1073\/revisions"}],"predecessor-version":[{"id":1077,"href":"https:\/\/krakteau.com\/fr\/wp-json\/wp\/v2\/pages\/1073\/revisions\/1077"}],"wp:attachment":[{"href":"https:\/\/krakteau.com\/fr\/wp-json\/wp\/v2\/media?parent=1073"}],"curies":[{"name":"wp","href":"https:\/\/api.w.org\/{rel}","templated":true}]}}