{"id":310,"date":"2020-10-20T07:19:50","date_gmt":"2020-10-20T07:19:50","guid":{"rendered":"https:\/\/jupiterx.artbees.net\/handmade-shop\/?post_type=product&#038;p=310"},"modified":"2024-11-14T07:44:12","modified_gmt":"2024-11-14T07:44:12","slug":"inspired-by-starry-nights","status":"publish","type":"product","link":"https:\/\/krakteau.com\/fr\/produit\/inspired-by-starry-nights\/","title":{"rendered":"Inspired by Starry Nights"},"content":{"rendered":"<p>Je me souviens du moment o\u00f9 j'ai vu \"La Nuit \u00c9toil\u00e9e\" au Mus\u00e9e d'Orsay. J'\u00e9tais \u00e9merveill\u00e9, totalement amoureuse, et un peu triste de ne jamais l'avoir.<\/p>\n<p>Il m'a fallu des ann\u00e9es pour y r\u00e9fl\u00e9chir et oser cr\u00e9er ma propre version.<\/p>\n<p>80l x 100h x 12d cm.<\/p>\n<p>toile, acrylique<\/p>\n<p>2020<\/p>","protected":false},"excerpt":{"rendered":"<p>I remember the moment I saw &#8220;Starry Nights over the Rhone&#8221; at Mus\u00e9e d&#8217;Orsay. I was speechless, totally in love and slightly sad that I would never have it. It took me years to think it over and dare to create my own &#8220;Starry Nights&#8221;. 80w x 100h x 2d cm. Acrylic on canvas 2020<\/p>","protected":false},"featured_media":530,"comment_status":"open","ping_status":"closed","template":"","meta":{"_acf_changed":false},"product_brand":[],"product_cat":[50,49],"product_tag":[],"class_list":{"0":"post-310","1":"product","2":"type-product","3":"status-publish","4":"has-post-thumbnail","6":"product_cat-acrylic","7":"product_cat-canvas","9":"first","10":"instock","11":"sold-individually","12":"shipping-taxable","13":"purchasable","14":"product-type-simple"},"acf":[],"_links":{"self":[{"href":"https:\/\/krakteau.com\/fr\/wp-json\/wp\/v2\/product\/310","targetHints":{"allow":["GET"]}}],"collection":[{"href":"https:\/\/krakteau.com\/fr\/wp-json\/wp\/v2\/product"}],"about":[{"href":"https:\/\/krakteau.com\/fr\/wp-json\/wp\/v2\/types\/product"}],"replies":[{"embeddable":true,"href":"https:\/\/krakteau.com\/fr\/wp-json\/wp\/v2\/comments?post=310"}],"wp:featuredmedia":[{"embeddable":true,"href":"https:\/\/krakteau.com\/fr\/wp-json\/wp\/v2\/media\/530"}],"wp:attachment":[{"href":"https:\/\/krakteau.com\/fr\/wp-json\/wp\/v2\/media?parent=310"}],"wp:term":[{"taxonomy":"product_brand","embeddable":true,"href":"https:\/\/krakteau.com\/fr\/wp-json\/wp\/v2\/product_brand?post=310"},{"taxonomy":"product_cat","embeddable":true,"href":"https:\/\/krakteau.com\/fr\/wp-json\/wp\/v2\/product_cat?post=310"},{"taxonomy":"product_tag","embeddable":true,"href":"https:\/\/krakteau.com\/fr\/wp-json\/wp\/v2\/product_tag?post=310"}],"curies":[{"name":"wp","href":"https:\/\/api.w.org\/{rel}","templated":true}]}}