{"id":682,"date":"2024-10-24T20:10:40","date_gmt":"2024-10-24T20:10:40","guid":{"rendered":"https:\/\/krakteau.com\/?post_type=product&#038;p=682"},"modified":"2024-11-14T07:43:59","modified_gmt":"2024-11-14T07:43:59","slug":"blue-ball","status":"publish","type":"product","link":"https:\/\/krakteau.com\/fr\/produit\/blue-ball\/","title":{"rendered":"Blue Ball"},"content":{"rendered":"<p>Les rouleaux de papier de soie peints dans diff\u00e9rentes nuances de bleu sont assembl\u00e9s en un cercle volumineux. Le fond est beige sable. Il m'a fallu plus de 100 heures pour cr\u00e9er cette precieuse goutte d'eau sur un sable chaud quelque part dans le d\u00e9sert.<\/p>\n<p>80w x 100l x 3d cm.<\/p>\n<p>2023<\/p>","protected":false},"excerpt":{"rendered":"<p>The silk paper rolls painted in various shades of blue are assembled in a voluminous circle. The background is sandy beige. It took me more than 100 hours to create this precious drop of water on a hot sand somewhere in the desert. 80w x 100l x 3d cm. 2023<\/p>","protected":false},"featured_media":687,"comment_status":"open","ping_status":"closed","template":"","meta":{"_acf_changed":false},"product_brand":[],"product_cat":[50,49,48],"product_tag":[],"class_list":{"0":"post-682","1":"product","2":"type-product","3":"status-publish","4":"has-post-thumbnail","6":"product_cat-acrylic","7":"product_cat-canvas","8":"product_cat-silk-paper","10":"first","11":"instock","12":"sold-individually","13":"shipping-taxable","14":"purchasable","15":"product-type-simple"},"acf":[],"_links":{"self":[{"href":"https:\/\/krakteau.com\/fr\/wp-json\/wp\/v2\/product\/682","targetHints":{"allow":["GET"]}}],"collection":[{"href":"https:\/\/krakteau.com\/fr\/wp-json\/wp\/v2\/product"}],"about":[{"href":"https:\/\/krakteau.com\/fr\/wp-json\/wp\/v2\/types\/product"}],"replies":[{"embeddable":true,"href":"https:\/\/krakteau.com\/fr\/wp-json\/wp\/v2\/comments?post=682"}],"wp:featuredmedia":[{"embeddable":true,"href":"https:\/\/krakteau.com\/fr\/wp-json\/wp\/v2\/media\/687"}],"wp:attachment":[{"href":"https:\/\/krakteau.com\/fr\/wp-json\/wp\/v2\/media?parent=682"}],"wp:term":[{"taxonomy":"product_brand","embeddable":true,"href":"https:\/\/krakteau.com\/fr\/wp-json\/wp\/v2\/product_brand?post=682"},{"taxonomy":"product_cat","embeddable":true,"href":"https:\/\/krakteau.com\/fr\/wp-json\/wp\/v2\/product_cat?post=682"},{"taxonomy":"product_tag","embeddable":true,"href":"https:\/\/krakteau.com\/fr\/wp-json\/wp\/v2\/product_tag?post=682"}],"curies":[{"name":"wp","href":"https:\/\/api.w.org\/{rel}","templated":true}]}}