{"id":699,"date":"2024-10-25T15:17:39","date_gmt":"2024-10-25T15:17:39","guid":{"rendered":"https:\/\/krakteau.com\/?post_type=product&#038;p=699"},"modified":"2024-11-14T07:43:43","modified_gmt":"2024-11-14T07:43:43","slug":"un-eclair-blanc","status":"publish","type":"product","link":"https:\/\/krakteau.com\/fr\/produit\/un-eclair-blanc\/","title":{"rendered":"Un \u00c9clair Blanc"},"content":{"rendered":"<p>37 heures de travail... Cette oeuvre a \u00e9t\u00e9 r\u00e9alis\u00e9e en assemblant de miniscules rouleaux de papier de soie et elle est plut\u00f4t hypnotique sous n'importe quel \u00e9clair \u00e0 n'importe quelle heure.<\/p>\n<p>100l x 100h x 4d cm.<\/p>\n<p>acrylique, toile, papier de soie<\/p>\n<p>2024<\/p>","protected":false},"excerpt":{"rendered":"<p>37 hours of work&#8230; This work has been executed by assembling tiny silk roll paper rolls and it is rather hypnotic in any lightning at any time of the day. 100w x 100h x 4d cm. Silk rolls, acrylic, canvas. 2024<\/p>","protected":false},"featured_media":702,"comment_status":"open","ping_status":"closed","template":"","meta":{"_acf_changed":false},"product_brand":[],"product_cat":[50,49,48],"product_tag":[],"class_list":{"0":"post-699","1":"product","2":"type-product","3":"status-publish","4":"has-post-thumbnail","6":"product_cat-acrylic","7":"product_cat-canvas","8":"product_cat-silk-paper","10":"first","11":"instock","12":"sold-individually","13":"shipping-taxable","14":"purchasable","15":"product-type-simple"},"acf":[],"_links":{"self":[{"href":"https:\/\/krakteau.com\/fr\/wp-json\/wp\/v2\/product\/699","targetHints":{"allow":["GET"]}}],"collection":[{"href":"https:\/\/krakteau.com\/fr\/wp-json\/wp\/v2\/product"}],"about":[{"href":"https:\/\/krakteau.com\/fr\/wp-json\/wp\/v2\/types\/product"}],"replies":[{"embeddable":true,"href":"https:\/\/krakteau.com\/fr\/wp-json\/wp\/v2\/comments?post=699"}],"wp:featuredmedia":[{"embeddable":true,"href":"https:\/\/krakteau.com\/fr\/wp-json\/wp\/v2\/media\/702"}],"wp:attachment":[{"href":"https:\/\/krakteau.com\/fr\/wp-json\/wp\/v2\/media?parent=699"}],"wp:term":[{"taxonomy":"product_brand","embeddable":true,"href":"https:\/\/krakteau.com\/fr\/wp-json\/wp\/v2\/product_brand?post=699"},{"taxonomy":"product_cat","embeddable":true,"href":"https:\/\/krakteau.com\/fr\/wp-json\/wp\/v2\/product_cat?post=699"},{"taxonomy":"product_tag","embeddable":true,"href":"https:\/\/krakteau.com\/fr\/wp-json\/wp\/v2\/product_tag?post=699"}],"curies":[{"name":"wp","href":"https:\/\/api.w.org\/{rel}","templated":true}]}}