{"id":705,"date":"2024-10-25T15:30:12","date_gmt":"2024-10-25T15:30:12","guid":{"rendered":"https:\/\/krakteau.com\/?post_type=product&#038;p=705"},"modified":"2024-11-14T07:43:30","modified_gmt":"2024-11-14T07:43:30","slug":"une-surprise","status":"publish","type":"product","link":"https:\/\/krakteau.com\/fr\/produit\/une-surprise\/","title":{"rendered":"Une Surprise"},"content":{"rendered":"<p>J'ai pass\u00e9 8 jours toute seule dans un mas en Provence. Pour ne pas avoir peur, j'ai cre\u00e9 ma protection. Rouge comme le soleil br\u00fblant du mois le plus chaud de l'ann\u00e9e, ao\u00fbt. Il existe de nombreuses nuances de rouge: comme le soleil du matin, de midi et de l'aube...<\/p>\n<p>81l x 120h x 2d cm.<\/p>\n<p>acrylique, toile, papier de soie<\/p>\n<p>2024<\/p>","protected":false},"excerpt":{"rendered":"<p>I spent 8 days alone at a huge villa located in a lovely Provencal village. In order not to be scared I created my protection. Red as the burning sun in the hottest month of the year, August. There are plenty shades of red: just like the sun in the morning, midday and at the [&hellip;]<\/p>\n","protected":false},"featured_media":706,"comment_status":"open","ping_status":"closed","template":"","meta":{"_acf_changed":false},"product_brand":[],"product_cat":[50,49,48],"product_tag":[],"class_list":{"0":"post-705","1":"product","2":"type-product","3":"status-publish","4":"has-post-thumbnail","6":"product_cat-acrylic","7":"product_cat-canvas","8":"product_cat-silk-paper","10":"first","11":"instock","12":"sold-individually","13":"shipping-taxable","14":"purchasable","15":"product-type-simple"},"acf":[],"_links":{"self":[{"href":"https:\/\/krakteau.com\/fr\/wp-json\/wp\/v2\/product\/705","targetHints":{"allow":["GET"]}}],"collection":[{"href":"https:\/\/krakteau.com\/fr\/wp-json\/wp\/v2\/product"}],"about":[{"href":"https:\/\/krakteau.com\/fr\/wp-json\/wp\/v2\/types\/product"}],"replies":[{"embeddable":true,"href":"https:\/\/krakteau.com\/fr\/wp-json\/wp\/v2\/comments?post=705"}],"wp:featuredmedia":[{"embeddable":true,"href":"https:\/\/krakteau.com\/fr\/wp-json\/wp\/v2\/media\/706"}],"wp:attachment":[{"href":"https:\/\/krakteau.com\/fr\/wp-json\/wp\/v2\/media?parent=705"}],"wp:term":[{"taxonomy":"product_brand","embeddable":true,"href":"https:\/\/krakteau.com\/fr\/wp-json\/wp\/v2\/product_brand?post=705"},{"taxonomy":"product_cat","embeddable":true,"href":"https:\/\/krakteau.com\/fr\/wp-json\/wp\/v2\/product_cat?post=705"},{"taxonomy":"product_tag","embeddable":true,"href":"https:\/\/krakteau.com\/fr\/wp-json\/wp\/v2\/product_tag?post=705"}],"curies":[{"name":"wp","href":"https:\/\/api.w.org\/{rel}","templated":true}]}}